{"id":4089,"date":"2024-01-28T14:58:24","date_gmt":"2024-01-28T13:58:24","guid":{"rendered":"https:\/\/alertinsight.ch\/presentation-2\/"},"modified":"2025-01-26T17:19:05","modified_gmt":"2025-01-26T16:19:05","slug":"presentation-2","status":"publish","type":"page","link":"https:\/\/alertinsight.ch\/fr\/presentation-2\/","title":{"rendered":"Pr\u00e9sentation"},"content":{"rendered":"<div class=\"fusion-fullwidth fullwidth-box fusion-builder-row-1 fusion-flex-container nonhundred-percent-fullwidth non-hundred-percent-height-scrolling\" style=\"--awb-border-radius-top-left:0px;--awb-border-radius-top-right:0px;--awb-border-radius-bottom-right:0px;--awb-border-radius-bottom-left:0px;--awb-flex-wrap:wrap;\" ><div class=\"fusion-builder-row fusion-row fusion-flex-align-items-flex-start fusion-flex-content-wrap\" style=\"max-width:1372.8px;margin-left: calc(-4% \/ 2 );margin-right: calc(-4% \/ 2 );\"><div class=\"fusion-layout-column fusion_builder_column fusion-builder-column-0 fusion_builder_column_2_3 2_3 fusion-flex-column\" style=\"--awb-bg-size:cover;--awb-width-large:66.6666666667%;--awb-margin-top-large:0px;--awb-spacing-right-large:3.84%;--awb-margin-bottom-large:0px;--awb-spacing-left-large:2.88%;--awb-width-medium:66.6666666667%;--awb-spacing-right-medium:3.84%;--awb-spacing-left-medium:2.88%;--awb-width-small:100%;--awb-spacing-right-small:1.92%;--awb-spacing-left-small:1.92%;\"><div class=\"fusion-column-wrapper fusion-flex-justify-content-flex-start fusion-content-layout-column\"><div class=\"fusion-text fusion-text-1\"><h3>Bienvenue sur le site web d&rsquo;AlertInsight.ch!<\/h3>\n<p>Bonjour, je m&rsquo;appelle Ada et j&rsquo;ai fond\u00e9 le site web AlertInsight.ch<\/p>\n<p><strong>J&rsquo;ai cr\u00e9\u00e9 ce site web pour ceux qui ont \u00e9t\u00e9 tromp\u00e9s, induits en erreur et dont la confiance a \u00e9t\u00e9 abus\u00e9e de quelque mani\u00e8re que ce soit sur Internet.<\/strong> Le but principal du site est d&rsquo;informer, d&rsquo;\u00e9duquer et de construire une communaut\u00e9 afin que le message parvienne \u00e0 un maximum de personnes &#8211; qu&rsquo;elles soient femmes ou hommes &#8211; transmettant ainsi mon message que:<\/p>\n<blockquote>\n<p style=\"text-align: center;\">\u00ab\u00a0Qu&rsquo;il ne t&rsquo;arrive pas ce qui m&rsquo;est arriv\u00e9!\u00a0\u00bb<\/p>\n<\/blockquote>\n<p>Ici, sur le site, je partage personnellement avec vous le monde des arnaques, dont je suis moi-m\u00eame victime. Je partage mon exp\u00e9rience personnelle et je d\u00e9voile d&rsquo;autres arnaques auxquelles nous sommes confront\u00e9s quotidiennement sur internet.<\/p>\n<p>Le site web ne raconte pas seulement une histoire personnelle, mais sert \u00e9galement de guide sur la mani\u00e8re de devenir vigilant et de se d\u00e9fendre contre les escroqueries en ligne, qui sont tr\u00e8s courantes! En plus des exp\u00e9riences personnelles et des conseils sp\u00e9cifiques, mon objectif est de fournir un soutien \u00e0 travers le site web \u00e0 ceux qui sont \u00e9galement devenus victimes et \u00e0 ceux qui essaient d&rsquo;aider leurs proches dans cette situation difficile.<\/p>\n<p>La communaut\u00e9 AlertInsight.ch est un endroit o\u00f9 vous pouvez puiser de la force et o\u00f9 nous pouvons construire collectivement la sensibilisation et la r\u00e9silience.<\/p>\n<p>Merci d&rsquo;\u00eatre ici, et j&rsquo;esp\u00e8re que le site fournit une assistance utile pour vous et d&rsquo;autres.<\/p>\n<p>Salutations:<br \/>\nAda<\/p>\n<\/div><div class=\"awb-gallery-wrapper awb-gallery-wrapper-1 button-span-no\" style=\"--more-btn-alignment:center;\"><div style=\"margin:-5px;--awb-bordersize:0px;\" class=\"fusion-gallery fusion-gallery-container fusion-grid-3 fusion-columns-total-6 fusion-gallery-layout-grid fusion-gallery-1\"><div style=\"padding:5px;\" class=\"fusion-grid-column fusion-gallery-column fusion-gallery-column-3 hover-type-none\"><div class=\"fusion-gallery-image\"><a href=\"https:\/\/alertinsight.ch\/fr\/2024\/03\/histoire-de-mon-escroquerie-romantique\/\" rel=\"noreferrer\" data-rel=\"iLightbox[gallery_image_1]\" class=\"fusion-lightbox\" target=\"_self\"><img decoding=\"async\" src=\"https:\/\/alertinsight.ch\/wp-content\/uploads\/2024\/02\/17.png\" data-orig-src=\"https:\/\/alertinsight.ch\/wp-content\/uploads\/2024\/02\/17.png\" width=\"940\" height=\"788\" alt=\"\" title=\"17\" aria-label=\"17\" class=\"lazyload img-responsive wp-image-3432\" srcset=\"data:image\/svg+xml,%3Csvg%20xmlns%3D%27http%3A%2F%2Fwww.w3.org%2F2000%2Fsvg%27%20width%3D%27940%27%20height%3D%27788%27%20viewBox%3D%270%200%20940%20788%27%3E%3Crect%20width%3D%27940%27%20height%3D%27788%27%20fill-opacity%3D%220%22%2F%3E%3C%2Fsvg%3E\" data-srcset=\"https:\/\/alertinsight.ch\/wp-content\/uploads\/2024\/02\/17-200x168.png 200w, https:\/\/alertinsight.ch\/wp-content\/uploads\/2024\/02\/17-400x335.png 400w, https:\/\/alertinsight.ch\/wp-content\/uploads\/2024\/02\/17-600x503.png 600w, https:\/\/alertinsight.ch\/wp-content\/uploads\/2024\/02\/17-800x671.png 800w, https:\/\/alertinsight.ch\/wp-content\/uploads\/2024\/02\/17.png 940w\" data-sizes=\"auto\" data-orig-sizes=\"(min-width: 2200px) 100vw, (min-width: 784px) 437px, (min-width: 712px) 655px, (min-width: 640px) 712px, \" \/><\/a><\/div><\/div><div style=\"padding:5px;\" class=\"fusion-grid-column fusion-gallery-column fusion-gallery-column-3 hover-type-none\"><div class=\"fusion-gallery-image\"><a href=\"https:\/\/alertinsight.ch\/wp-content\/uploads\/2024\/02\/36.png\" rel=\"noreferrer\" data-rel=\"iLightbox[gallery_image_1]\" class=\"fusion-lightbox\" target=\"_self\"><img decoding=\"async\" src=\"https:\/\/alertinsight.ch\/wp-content\/uploads\/2024\/02\/36.png\" data-orig-src=\"https:\/\/alertinsight.ch\/wp-content\/uploads\/2024\/02\/36.png\" width=\"940\" height=\"788\" alt=\"\" title=\"36\" aria-label=\"36\" class=\"lazyload img-responsive wp-image-3451\" srcset=\"data:image\/svg+xml,%3Csvg%20xmlns%3D%27http%3A%2F%2Fwww.w3.org%2F2000%2Fsvg%27%20width%3D%27940%27%20height%3D%27788%27%20viewBox%3D%270%200%20940%20788%27%3E%3Crect%20width%3D%27940%27%20height%3D%27788%27%20fill-opacity%3D%220%22%2F%3E%3C%2Fsvg%3E\" data-srcset=\"https:\/\/alertinsight.ch\/wp-content\/uploads\/2024\/02\/36-200x168.png 200w, https:\/\/alertinsight.ch\/wp-content\/uploads\/2024\/02\/36-400x335.png 400w, https:\/\/alertinsight.ch\/wp-content\/uploads\/2024\/02\/36-600x503.png 600w, https:\/\/alertinsight.ch\/wp-content\/uploads\/2024\/02\/36-800x671.png 800w, https:\/\/alertinsight.ch\/wp-content\/uploads\/2024\/02\/36.png 940w\" data-sizes=\"auto\" data-orig-sizes=\"(min-width: 2200px) 100vw, (min-width: 784px) 437px, (min-width: 712px) 655px, (min-width: 640px) 712px, \" \/><\/a><\/div><\/div><div style=\"padding:5px;\" class=\"fusion-grid-column fusion-gallery-column fusion-gallery-column-3 hover-type-none\"><div class=\"fusion-gallery-image\"><a href=\"https:\/\/alertinsight.ch\/wp-content\/uploads\/2024\/02\/33.png\" rel=\"noreferrer\" data-rel=\"iLightbox[gallery_image_1]\" class=\"fusion-lightbox\" target=\"_self\"><img decoding=\"async\" src=\"https:\/\/alertinsight.ch\/wp-content\/uploads\/2024\/02\/33.png\" data-orig-src=\"https:\/\/alertinsight.ch\/wp-content\/uploads\/2024\/02\/33.png\" width=\"940\" height=\"788\" alt=\"\" title=\"33\" aria-label=\"33\" class=\"lazyload img-responsive wp-image-3448\" srcset=\"data:image\/svg+xml,%3Csvg%20xmlns%3D%27http%3A%2F%2Fwww.w3.org%2F2000%2Fsvg%27%20width%3D%27940%27%20height%3D%27788%27%20viewBox%3D%270%200%20940%20788%27%3E%3Crect%20width%3D%27940%27%20height%3D%27788%27%20fill-opacity%3D%220%22%2F%3E%3C%2Fsvg%3E\" data-srcset=\"https:\/\/alertinsight.ch\/wp-content\/uploads\/2024\/02\/33-200x168.png 200w, https:\/\/alertinsight.ch\/wp-content\/uploads\/2024\/02\/33-400x335.png 400w, https:\/\/alertinsight.ch\/wp-content\/uploads\/2024\/02\/33-600x503.png 600w, https:\/\/alertinsight.ch\/wp-content\/uploads\/2024\/02\/33-800x671.png 800w, https:\/\/alertinsight.ch\/wp-content\/uploads\/2024\/02\/33.png 940w\" data-sizes=\"auto\" data-orig-sizes=\"(min-width: 2200px) 100vw, (min-width: 784px) 437px, (min-width: 712px) 655px, (min-width: 640px) 712px, \" \/><\/a><\/div><\/div><div class=\"clearfix\"><\/div><div style=\"padding:5px;\" class=\"fusion-grid-column fusion-gallery-column fusion-gallery-column-3 hover-type-none\"><div class=\"fusion-gallery-image\"><a href=\"https:\/\/alertinsight.ch\/wp-content\/uploads\/2024\/02\/18.png\" rel=\"noreferrer\" data-rel=\"iLightbox[gallery_image_1]\" class=\"fusion-lightbox\" target=\"_self\"><img decoding=\"async\" src=\"https:\/\/alertinsight.ch\/wp-content\/uploads\/2024\/02\/18.png\" data-orig-src=\"https:\/\/alertinsight.ch\/wp-content\/uploads\/2024\/02\/18.png\" width=\"940\" height=\"788\" alt=\"\" title=\"Online tudatossag\" aria-label=\"Online tudatossag\" class=\"lazyload img-responsive wp-image-3433\" srcset=\"data:image\/svg+xml,%3Csvg%20xmlns%3D%27http%3A%2F%2Fwww.w3.org%2F2000%2Fsvg%27%20width%3D%27940%27%20height%3D%27788%27%20viewBox%3D%270%200%20940%20788%27%3E%3Crect%20width%3D%27940%27%20height%3D%27788%27%20fill-opacity%3D%220%22%2F%3E%3C%2Fsvg%3E\" data-srcset=\"https:\/\/alertinsight.ch\/wp-content\/uploads\/2024\/02\/18-200x168.png 200w, https:\/\/alertinsight.ch\/wp-content\/uploads\/2024\/02\/18-400x335.png 400w, https:\/\/alertinsight.ch\/wp-content\/uploads\/2024\/02\/18-600x503.png 600w, https:\/\/alertinsight.ch\/wp-content\/uploads\/2024\/02\/18-800x671.png 800w, https:\/\/alertinsight.ch\/wp-content\/uploads\/2024\/02\/18.png 940w\" data-sizes=\"auto\" data-orig-sizes=\"(min-width: 2200px) 100vw, (min-width: 784px) 437px, (min-width: 712px) 655px, (min-width: 640px) 712px, \" \/><\/a><\/div><\/div><div style=\"padding:5px;\" class=\"fusion-grid-column fusion-gallery-column fusion-gallery-column-3 hover-type-none\"><div class=\"fusion-gallery-image\"><a href=\"https:\/\/alertinsight.ch\/wp-content\/uploads\/2024\/02\/23.png\" rel=\"noreferrer\" data-rel=\"iLightbox[gallery_image_1]\" class=\"fusion-lightbox\" target=\"_self\"><img decoding=\"async\" src=\"https:\/\/alertinsight.ch\/wp-content\/uploads\/2024\/02\/23.png\" data-orig-src=\"https:\/\/alertinsight.ch\/wp-content\/uploads\/2024\/02\/23.png\" width=\"940\" height=\"788\" alt=\"\" title=\"23\" aria-label=\"23\" class=\"lazyload img-responsive wp-image-3438\" srcset=\"data:image\/svg+xml,%3Csvg%20xmlns%3D%27http%3A%2F%2Fwww.w3.org%2F2000%2Fsvg%27%20width%3D%27940%27%20height%3D%27788%27%20viewBox%3D%270%200%20940%20788%27%3E%3Crect%20width%3D%27940%27%20height%3D%27788%27%20fill-opacity%3D%220%22%2F%3E%3C%2Fsvg%3E\" data-srcset=\"https:\/\/alertinsight.ch\/wp-content\/uploads\/2024\/02\/23-200x168.png 200w, https:\/\/alertinsight.ch\/wp-content\/uploads\/2024\/02\/23-400x335.png 400w, https:\/\/alertinsight.ch\/wp-content\/uploads\/2024\/02\/23-600x503.png 600w, https:\/\/alertinsight.ch\/wp-content\/uploads\/2024\/02\/23-800x671.png 800w, https:\/\/alertinsight.ch\/wp-content\/uploads\/2024\/02\/23.png 940w\" data-sizes=\"auto\" data-orig-sizes=\"(min-width: 2200px) 100vw, (min-width: 784px) 437px, (min-width: 712px) 655px, (min-width: 640px) 712px, \" \/><\/a><\/div><\/div><div style=\"padding:5px;\" class=\"fusion-grid-column fusion-gallery-column fusion-gallery-column-3 hover-type-none\"><div class=\"fusion-gallery-image\"><a href=\"https:\/\/alertinsight.ch\/wp-content\/uploads\/2024\/02\/13.png\" rel=\"noreferrer\" data-rel=\"iLightbox[gallery_image_1]\" class=\"fusion-lightbox\" target=\"_self\"><img decoding=\"async\" src=\"https:\/\/alertinsight.ch\/wp-content\/uploads\/2024\/02\/13.png\" data-orig-src=\"https:\/\/alertinsight.ch\/wp-content\/uploads\/2024\/02\/13.png\" width=\"940\" height=\"788\" alt=\"\" title=\"13\" aria-label=\"13\" class=\"lazyload img-responsive wp-image-3428\" srcset=\"data:image\/svg+xml,%3Csvg%20xmlns%3D%27http%3A%2F%2Fwww.w3.org%2F2000%2Fsvg%27%20width%3D%27940%27%20height%3D%27788%27%20viewBox%3D%270%200%20940%20788%27%3E%3Crect%20width%3D%27940%27%20height%3D%27788%27%20fill-opacity%3D%220%22%2F%3E%3C%2Fsvg%3E\" data-srcset=\"https:\/\/alertinsight.ch\/wp-content\/uploads\/2024\/02\/13-200x168.png 200w, https:\/\/alertinsight.ch\/wp-content\/uploads\/2024\/02\/13-400x335.png 400w, https:\/\/alertinsight.ch\/wp-content\/uploads\/2024\/02\/13-600x503.png 600w, https:\/\/alertinsight.ch\/wp-content\/uploads\/2024\/02\/13-800x671.png 800w, https:\/\/alertinsight.ch\/wp-content\/uploads\/2024\/02\/13.png 940w\" data-sizes=\"auto\" data-orig-sizes=\"(min-width: 2200px) 100vw, (min-width: 784px) 437px, (min-width: 712px) 655px, (min-width: 640px) 712px, \" \/><\/a><\/div><\/div><div class=\"clearfix\"><\/div><\/div><\/div><\/div><\/div><div class=\"fusion-layout-column fusion_builder_column fusion-builder-column-1 fusion_builder_column_1_3 1_3 fusion-flex-column\" style=\"--awb-padding-right:20px;--awb-padding-left:20px;--awb-overflow:hidden;--awb-bg-color:#dbdbdb;--awb-bg-color-hover:#dbdbdb;--awb-bg-size:cover;--awb-box-shadow: 0px 0px ;;--awb-border-radius:20px 20px 20px 20px;--awb-width-large:33.3333333333%;--awb-margin-top-large:40px;--awb-spacing-right-large:5.76%;--awb-margin-bottom-large:20px;--awb-spacing-left-large:5.76%;--awb-width-medium:33.3333333333%;--awb-order-medium:0;--awb-spacing-right-medium:5.76%;--awb-spacing-left-medium:5.76%;--awb-width-small:100%;--awb-order-small:0;--awb-spacing-right-small:1.92%;--awb-spacing-left-small:1.92%;\" data-scroll-devices=\"small-visibility,medium-visibility,large-visibility\"><div class=\"fusion-column-wrapper fusion-column-has-shadow fusion-flex-justify-content-space-between fusion-content-layout-column\"><div class=\"fusion-text fusion-text-2\" style=\"--awb-margin-right:20px;\"><h4 style=\"text-align: center;\"><span class=\"fusion-highlight custom-textcolor highlight1 awb-highlight-marker\" style=\"--awb-color:hsla(var(--awb-color5-h),var(--awb-color5-s),var(--awb-color5-l),calc(var(--awb-color5-a) - 80%));--awb-text-color:var(--awb-color8);\"> AlertInsight.ch <\/span><\/h4>\n<\/div><div class=\"fusion-image-element \" style=\"text-align:center;--awb-caption-title-font-family:var(--h2_typography-font-family);--awb-caption-title-font-weight:var(--h2_typography-font-weight);--awb-caption-title-font-style:var(--h2_typography-font-style);--awb-caption-title-size:var(--h2_typography-font-size);--awb-caption-title-transform:var(--h2_typography-text-transform);--awb-caption-title-line-height:var(--h2_typography-line-height);--awb-caption-title-letter-spacing:var(--h2_typography-letter-spacing);\"><span class=\" fusion-imageframe imageframe-none imageframe-1 hover-type-none\"><a href=\"https:\/\/alertinsight.ch\/wp-content\/uploads\/2024\/02\/AlertInsight_logo-5-x-8-cm-1-187x300.png\" class=\"fusion-lightbox\" data-rel=\"iLightbox[c8148158ebb254b00d8]\" data-title=\"AlertInsight_logo (5 x 8 cm) (1)\" title=\"AlertInsight_logo (5 x 8 cm) (1)\"><img decoding=\"async\" width=\"187\" height=\"300\" src=\"https:\/\/alertinsight.ch\/wp-content\/uploads\/2024\/02\/AlertInsight_logo-5-x-8-cm-1.png\" data-orig-src=\"https:\/\/alertinsight.ch\/wp-content\/uploads\/2024\/02\/AlertInsight_logo-5-x-8-cm-1-187x300.png\" alt class=\"lazyload img-responsive wp-image-3999\" srcset=\"data:image\/svg+xml,%3Csvg%20xmlns%3D%27http%3A%2F%2Fwww.w3.org%2F2000%2Fsvg%27%20width%3D%27590%27%20height%3D%27945%27%20viewBox%3D%270%200%20590%20945%27%3E%3Crect%20width%3D%27590%27%20height%3D%27945%27%20fill-opacity%3D%220%22%2F%3E%3C%2Fsvg%3E\" data-srcset=\"https:\/\/alertinsight.ch\/wp-content\/uploads\/2024\/02\/AlertInsight_logo-5-x-8-cm-1-200x320.png 200w, https:\/\/alertinsight.ch\/wp-content\/uploads\/2024\/02\/AlertInsight_logo-5-x-8-cm-1-400x641.png 400w, https:\/\/alertinsight.ch\/wp-content\/uploads\/2024\/02\/AlertInsight_logo-5-x-8-cm-1.png 590w\" data-sizes=\"auto\" data-orig-sizes=\"(max-width: 850px) 100vw, 400px\" \/><\/a><\/span><\/div><div class=\"fusion-title title fusion-title-1 fusion-sep-none fusion-title-text fusion-title-size-paragraph\" style=\"--awb-text-color:#ffffff;\"><p class=\"fusion-title-heading title-heading-left title-heading-tag\" style=\"margin:0;text-shadow:0px;\"><p>J&rsquo;ai cr\u00e9\u00e9 ce site web pour ceux qui ont \u00e9t\u00e9 tromp\u00e9s, induits en erreur et dont la confiance a \u00e9t\u00e9 abus\u00e9e de quelque mani\u00e8re que ce soit sur Internet&#8230; Dans le monde d&rsquo;aujourd&rsquo;hui, avoir une pr\u00e9sence en ligne est d&rsquo;une importance critique, cependant, nous devons r\u00e9fl\u00e9chir \u00e0 ce que nous partageons sur nous-m\u00eames et notre famille, et dans quelle mesure.<\/p>\n<p>Le but principal du site est d&rsquo;informer, d&rsquo;\u00e9duquer et de construire une communaut\u00e9 afin que le message parvienne \u00e0 un maximum de personnes \u2013 qu&rsquo;elles soient femmes ou hommes \u2013 transmettant ainsi mon message:<\/p>\n<blockquote><p>\u201e<em>L&rsquo;espace en ligne n&rsquo;est pas un terrain de jeu!<\/em>\u201e<\/p><\/blockquote><\/p><\/div><div class=\"fusion-separator fusion-no-medium-visibility fusion-full-width-sep\" style=\"align-self: center;margin-left: auto;margin-right: auto;width:100%;\"><\/div><\/div><\/div><\/div><\/div>\n","protected":false},"excerpt":{"rendered":"","protected":false},"author":1,"featured_media":0,"parent":0,"menu_order":1,"comment_status":"closed","ping_status":"closed","template":"100-width.php","meta":{"_acf_changed":false,"footnotes":""},"class_list":["post-4089","page","type-page","status-publish","hentry"],"acf":[],"_links":{"self":[{"href":"https:\/\/alertinsight.ch\/fr\/wp-json\/wp\/v2\/pages\/4089","targetHints":{"allow":["GET"]}}],"collection":[{"href":"https:\/\/alertinsight.ch\/fr\/wp-json\/wp\/v2\/pages"}],"about":[{"href":"https:\/\/alertinsight.ch\/fr\/wp-json\/wp\/v2\/types\/page"}],"author":[{"embeddable":true,"href":"https:\/\/alertinsight.ch\/fr\/wp-json\/wp\/v2\/users\/1"}],"replies":[{"embeddable":true,"href":"https:\/\/alertinsight.ch\/fr\/wp-json\/wp\/v2\/comments?post=4089"}],"version-history":[{"count":7,"href":"https:\/\/alertinsight.ch\/fr\/wp-json\/wp\/v2\/pages\/4089\/revisions"}],"predecessor-version":[{"id":5396,"href":"https:\/\/alertinsight.ch\/fr\/wp-json\/wp\/v2\/pages\/4089\/revisions\/5396"}],"wp:attachment":[{"href":"https:\/\/alertinsight.ch\/fr\/wp-json\/wp\/v2\/media?parent=4089"}],"curies":[{"name":"wp","href":"https:\/\/api.w.org\/{rel}","templated":true}]}}