{"id":4069,"date":"2024-02-19T11:45:52","date_gmt":"2024-02-19T10:45:52","guid":{"rendered":"https:\/\/alertinsight.ch\/?page_id=4069"},"modified":"2025-01-07T14:16:29","modified_gmt":"2025-01-07T13:16:29","slug":"faits-interessants","status":"publish","type":"page","link":"https:\/\/alertinsight.ch\/fr\/faits-interessants\/","title":{"rendered":"Faits int\u00e9ressants"},"content":{"rendered":"<div class=\"fusion-fullwidth fullwidth-box fusion-builder-row-1 fusion-flex-container has-pattern-background has-mask-background nonhundred-percent-fullwidth non-hundred-percent-height-scrolling\" style=\"--awb-border-radius-top-left:0px;--awb-border-radius-top-right:0px;--awb-border-radius-bottom-right:0px;--awb-border-radius-bottom-left:0px;--awb-flex-wrap:wrap;\" ><div class=\"fusion-builder-row fusion-row fusion-flex-align-items-flex-start fusion-flex-content-wrap\" style=\"max-width:1372.8px;margin-left: calc(-4% \/ 2 );margin-right: calc(-4% \/ 2 );\"><div class=\"fusion-layout-column fusion_builder_column fusion-builder-column-0 fusion_builder_column_2_3 2_3 fusion-flex-column\" style=\"--awb-bg-size:cover;--awb-width-large:66.6666666667%;--awb-margin-top-large:0px;--awb-spacing-right-large:2.88%;--awb-margin-bottom-large:20px;--awb-spacing-left-large:2.88%;--awb-width-medium:66.6666666667%;--awb-order-medium:0;--awb-spacing-right-medium:2.88%;--awb-spacing-left-medium:2.88%;--awb-width-small:100%;--awb-order-small:0;--awb-spacing-right-small:1.92%;--awb-spacing-left-small:1.92%;\"><div class=\"fusion-column-wrapper fusion-column-has-shadow fusion-flex-justify-content-flex-start fusion-content-layout-column\"><div class=\"fusion-text fusion-text-1\"><p>Bienvenue sur la page \u00ab\u00a0Faits int\u00e9ressants\u00a0\u00bb, o\u00f9 des contenus sp\u00e9ciaux vous attendent: les derni\u00e8res arnaques, articles, interviews, recommandations et de nombreux autres sujets int\u00e9ressants qui \u00e9largissent vos connaissances et vous aident dans votre vie quotidienne.<\/p>\n<p><strong>Pourquoi vaut-il la peine d&rsquo;explorer la page \u00ab\u00a0Faits int\u00e9ressants\u00a0\u00bb?<\/strong><\/p>\n<ul>\n<li><strong>Top des arnaques de 2023\/24<\/strong>: Nous surveillons de pr\u00e8s les derni\u00e8res arnaques de l&rsquo;ann\u00e9e pour nous assurer que tout le monde est conscient des dangers actuels.<\/li>\n<li><strong>Articles d&rsquo;experts et interviews<\/strong>: Vous pouvez rencontrer des experts, des psychologues et d&rsquo;autres personnalit\u00e9s int\u00e9ressantes qui partagent leurs points de vue et leurs conseils.<\/li>\n<li><strong>Recommandations de livres, films, \u00e9tudes de cas<\/strong>: Contenus inspirants et instructifs qui contribuent \u00e0 accro\u00eetre la sensibilisation et \u00e0 am\u00e9liorer la s\u00e9curit\u00e9 en ligne.<\/li>\n<\/ul>\n<p><strong>Quels contenus pouvez-vous attendre?<\/strong><\/p>\n<ul>\n<li><strong>Articles et actualit\u00e9s fra\u00eeches<\/strong>: Informations \u00e0 jour sur les derniers sujets et \u00e9v\u00e9nements.<\/li>\n<li><strong>Interviews int\u00e9ressantes<\/strong>: Vous pouvez d\u00e9couvrir les r\u00e9flexions d&rsquo;experts et de personnes inspirantes qui aident \u00e0 naviguer dans le sujet.<\/li>\n<li><strong>Recommandations et opinions<\/strong>: Livres, films et \u00e9tudes de cas sp\u00e9ciaux qui offrent une compr\u00e9hension plus approfondie des myst\u00e8res du monde en ligne.<\/li>\n<\/ul>\n<p>Rejoignez-nous dans le voyage de d\u00e9couverte!<\/p>\n<p>La page \u00ab\u00a0Int\u00e9ressant\u00a0\u00bb est un tr\u00e9sor constamment mis \u00e0 jour o\u00f9 vous trouverez toujours quelque chose de nouveau et d&rsquo;int\u00e9ressant. Venez avec nous et explorons ensemble les secrets cach\u00e9s du monde en ligne!<\/p>\n<p>Ada<\/p>\n<\/div><\/div><\/div><div class=\"fusion-layout-column fusion_builder_column fusion-builder-column-1 fusion_builder_column_1_3 1_3 fusion-flex-column\" style=\"--awb-padding-right:20px;--awb-padding-left:20px;--awb-overflow:hidden;--awb-bg-color:#dbdbdb;--awb-bg-color-hover:#dbdbdb;--awb-bg-size:cover;--awb-box-shadow: 0px 0px inset;;--awb-border-radius:20px 20px 20px 20px;--awb-width-large:33.3333333333%;--awb-margin-top-large:40px;--awb-spacing-right-large:5.76%;--awb-margin-bottom-large:20px;--awb-spacing-left-large:5.76%;--awb-width-medium:33.3333333333%;--awb-order-medium:0;--awb-spacing-right-medium:5.76%;--awb-spacing-left-medium:5.76%;--awb-width-small:100%;--awb-order-small:0;--awb-spacing-right-small:1.92%;--awb-spacing-left-small:1.92%;\" data-scroll-devices=\"small-visibility,medium-visibility,large-visibility\"><div class=\"fusion-column-wrapper fusion-column-has-shadow fusion-flex-justify-content-flex-start fusion-content-layout-column\"><div class=\"fusion-text fusion-text-2\"><h4 style=\"text-align: center;\"><span class=\"fusion-highlight custom-textcolor highlight1 awb-highlight-marker\" style=\"--awb-color:hsla(var(--awb-color5-h),var(--awb-color5-s),var(--awb-color5-l),calc(var(--awb-color5-a) - 80%));--awb-text-color:var(--awb-color8);\"> AlertInsight.ch <\/span><\/h4>\n<\/div><div class=\"fusion-image-element \" style=\"text-align:center;--awb-caption-title-font-family:var(--h2_typography-font-family);--awb-caption-title-font-weight:var(--h2_typography-font-weight);--awb-caption-title-font-style:var(--h2_typography-font-style);--awb-caption-title-size:var(--h2_typography-font-size);--awb-caption-title-transform:var(--h2_typography-text-transform);--awb-caption-title-line-height:var(--h2_typography-line-height);--awb-caption-title-letter-spacing:var(--h2_typography-letter-spacing);\"><span class=\" fusion-imageframe imageframe-none imageframe-1 hover-type-none\"><img decoding=\"async\" width=\"187\" height=\"300\" title=\"AlertInsight_logo (5 x 8 cm) (1)\" src=\"https:\/\/alertinsight.ch\/wp-content\/uploads\/2024\/02\/AlertInsight_logo-5-x-8-cm-1.png\" data-orig-src=\"https:\/\/alertinsight.ch\/wp-content\/uploads\/2024\/02\/AlertInsight_logo-5-x-8-cm-1-187x300.png\" alt class=\"lazyload img-responsive wp-image-3999\" srcset=\"data:image\/svg+xml,%3Csvg%20xmlns%3D%27http%3A%2F%2Fwww.w3.org%2F2000%2Fsvg%27%20width%3D%27590%27%20height%3D%27945%27%20viewBox%3D%270%200%20590%20945%27%3E%3Crect%20width%3D%27590%27%20height%3D%27945%27%20fill-opacity%3D%220%22%2F%3E%3C%2Fsvg%3E\" data-srcset=\"https:\/\/alertinsight.ch\/wp-content\/uploads\/2024\/02\/AlertInsight_logo-5-x-8-cm-1-200x320.png 200w, https:\/\/alertinsight.ch\/wp-content\/uploads\/2024\/02\/AlertInsight_logo-5-x-8-cm-1-400x641.png 400w, https:\/\/alertinsight.ch\/wp-content\/uploads\/2024\/02\/AlertInsight_logo-5-x-8-cm-1.png 590w\" data-sizes=\"auto\" data-orig-sizes=\"(max-width: 850px) 100vw, 400px\" \/><\/span><\/div><div class=\"fusion-text fusion-text-3\"><p class=\"fusion-title-heading title-heading-left title-heading-tag\">J\u2019ai cr\u00e9\u00e9 ce site web pour ceux qui ont \u00e9t\u00e9 tromp\u00e9s, induits en erreur et dont la confiance a \u00e9t\u00e9 abus\u00e9e de quelque mani\u00e8re que ce soit sur Internet. Dans le monde d\u2019aujourd\u2019hui, avoir une pr\u00e9sence en ligne est d\u2019une importance critique, cependant, nous devons r\u00e9fl\u00e9chir \u00e0 ce que nous partageons sur nous-m\u00eames et notre famille, et dans quelle mesure.<\/p>\n<p class=\"fusion-title-heading title-heading-left title-heading-tag\">Le but principal du site est d\u2019informer, d\u2019\u00e9duquer et de construire une communaut\u00e9 afin que le message parvienne \u00e0 un maximum de personnes \u2013 qu\u2019elles soient femmes ou hommes \u2013 transmettant ainsi mon message:<\/p>\n<blockquote>\n<p>\u201e<em>L\u2019espace en ligne n\u2019est pas un terrain de jeu!<\/em>\u201e<\/p>\n<\/blockquote>\n<\/div><\/div><\/div><\/div><\/div>\n","protected":false},"excerpt":{"rendered":"","protected":false},"author":1,"featured_media":0,"parent":0,"menu_order":0,"comment_status":"closed","ping_status":"closed","template":"100-width.php","meta":{"_acf_changed":false,"footnotes":""},"class_list":["post-4069","page","type-page","status-publish","hentry"],"acf":[],"_links":{"self":[{"href":"https:\/\/alertinsight.ch\/fr\/wp-json\/wp\/v2\/pages\/4069","targetHints":{"allow":["GET"]}}],"collection":[{"href":"https:\/\/alertinsight.ch\/fr\/wp-json\/wp\/v2\/pages"}],"about":[{"href":"https:\/\/alertinsight.ch\/fr\/wp-json\/wp\/v2\/types\/page"}],"author":[{"embeddable":true,"href":"https:\/\/alertinsight.ch\/fr\/wp-json\/wp\/v2\/users\/1"}],"replies":[{"embeddable":true,"href":"https:\/\/alertinsight.ch\/fr\/wp-json\/wp\/v2\/comments?post=4069"}],"version-history":[{"count":4,"href":"https:\/\/alertinsight.ch\/fr\/wp-json\/wp\/v2\/pages\/4069\/revisions"}],"predecessor-version":[{"id":5294,"href":"https:\/\/alertinsight.ch\/fr\/wp-json\/wp\/v2\/pages\/4069\/revisions\/5294"}],"wp:attachment":[{"href":"https:\/\/alertinsight.ch\/fr\/wp-json\/wp\/v2\/media?parent=4069"}],"curies":[{"name":"wp","href":"https:\/\/api.w.org\/{rel}","templated":true}]}}