{"id":5230,"date":"2025-01-02T14:20:47","date_gmt":"2025-01-02T13:20:47","guid":{"rendered":"https:\/\/alertinsight.ch\/?page_id=5230"},"modified":"2025-01-02T14:41:40","modified_gmt":"2025-01-02T13:41:40","slug":"blog","status":"publish","type":"page","link":"https:\/\/alertinsight.ch\/es\/blog\/","title":{"rendered":"Blog"},"content":{"rendered":"<div class=\"fusion-fullwidth fullwidth-box fusion-builder-row-1 fusion-flex-container has-pattern-background has-mask-background nonhundred-percent-fullwidth non-hundred-percent-height-scrolling\" style=\"--awb-border-radius-top-left:0px;--awb-border-radius-top-right:0px;--awb-border-radius-bottom-right:0px;--awb-border-radius-bottom-left:0px;--awb-flex-wrap:wrap;\" ><div class=\"fusion-builder-row fusion-row fusion-flex-align-items-flex-start fusion-flex-content-wrap\" style=\"max-width:1372.8px;margin-left: calc(-4% \/ 2 );margin-right: calc(-4% \/ 2 );\"><div class=\"fusion-layout-column fusion_builder_column fusion-builder-column-0 fusion_builder_column_2_3 2_3 fusion-flex-column\" style=\"--awb-bg-size:cover;--awb-width-large:66.6666666667%;--awb-margin-top-large:0px;--awb-spacing-right-large:2.88%;--awb-margin-bottom-large:20px;--awb-spacing-left-large:2.88%;--awb-width-medium:66.6666666667%;--awb-order-medium:0;--awb-spacing-right-medium:2.88%;--awb-spacing-left-medium:2.88%;--awb-width-small:100%;--awb-order-small:0;--awb-spacing-right-small:1.92%;--awb-spacing-left-small:1.92%;\"><div class=\"fusion-column-wrapper fusion-column-has-shadow fusion-flex-justify-content-flex-start fusion-content-layout-column\"><div class=\"fusion-text fusion-text-1\"><h3><strong>Blog: Lecciones aprendidas de la vida<\/strong><\/h3>\n<\/div><div class=\"fusion-text fusion-text-2\"><p><strong>\u00a1Bienvenido al BLOG de AlertInsight.ch!<\/strong><\/p>\n<p>En este espacio virtual tratamos temas que pueden afectar la vida de todos nosotros en el mundo online y en el d\u00eda a d\u00eda. Ya sea sobre seguridad en internet, las estafas m\u00e1s recientes o c\u00f3mo aumentar la conciencia digital, aqu\u00ed siempre encontrar\u00e1s algo interesante y \u00fatil.<\/p>\n<p><strong>\u00bfPor qu\u00e9 leer el blog?<\/strong><\/p>\n<ul>\n<li><strong>Historias personales:<\/strong> Comparto mis propias experiencias en l\u00ednea y las de otros, mostrando c\u00f3mo aprendimos de los desaf\u00edos.<\/li>\n<li><strong>Consejos pr\u00e1cticos:<\/strong> Gu\u00edas concretas sobre c\u00f3mo protegerte a ti mismo y a los dem\u00e1s de los peligros en l\u00ednea.<\/li>\n<li><strong>Noticias y eventos recientes:<\/strong> Sigue con nosotros los \u00faltimos desarrollos en el mundo digital y el espacio en l\u00ednea.<\/li>\n<\/ul>\n<p><strong>\u00bfQu\u00e9 temas puedes esperar?<\/strong><\/p>\n<ul>\n<li><strong>IA:<\/strong> Su historia, usos y c\u00f3mo defenderte de ella.<\/li>\n<li><strong>Estafas y fraudes:<\/strong> An\u00e1lisis detallados y advertencias sobre las estafas m\u00e1s recientes.<\/li>\n<li><strong>Aumentar la conciencia en l\u00ednea:<\/strong> Consejos pr\u00e1cticos y t\u00e9cnicas para ser m\u00e1s consciente en el mundo digital.<\/li>\n<li><strong>Entrevistas con expertos:<\/strong> Conversaciones con profesionales que ayudan a comprender mejor los temas de seguridad en l\u00ednea.<\/li>\n<\/ul>\n<p>El blog tiene como objetivo inspirar e informar.<br \/>\n\u00a1\u00danete a m\u00ed y descubramos juntos las lecciones que nos ense\u00f1a la vida!<\/p>\n<p><strong>Ada<\/strong><\/p>\n<\/div><div class=\"fusion-blog-shortcode fusion-blog-shortcode-1 fusion-blog-archive fusion-blog-layout-medium fusion-blog-infinite fusion-no-small-visibility\" style=\"--awb-title-font-size:22px;\"><div class=\"fusion-posts-container fusion-posts-container-infinite fusion-no-meta-info fusion-blog-rollover\" data-pages=\"2\"><article id=\"blog-1-post-5224\" class=\"fusion-post-medium post-5224 post type-post status-publish format-standard has-post-thumbnail hentry category-ciberseguridad category-seguridadinformatica tag-ciberseguridad tag-cuidadoconlosusb tag-evitarriesgos tag-keylogger tag-malware tag-privacidaddigital tag-protecciondedatos tag-ransomware tag-seguridadinformatica\">\n\t<style type=\"text\/css\">\n\t\t\n\t\t\n\t\t\n\t\t\n\t\t\t<\/style>\n\n\n\t\t\t<div class=\"fusion-flexslider flexslider fusion-flexslider-loading fusion-post-slideshow\" style=\"\">\n\t\t<ul class=\"slides\">\n\t\t\t\n\t\t\t\t\t\t\t\t\t\t\t\t\t\t<li><div  class=\"fusion-image-wrapper fusion-image-size-fixed\" aria-haspopup=\"true\">\n\t\t\t\t<img decoding=\"async\" width=\"320\" height=\"202\" src=\"data:image\/svg+xml,%3Csvg%20xmlns%3D%27http%3A%2F%2Fwww.w3.org%2F2000%2Fsvg%27%20width%3D%27673%27%20height%3D%27437%27%20viewBox%3D%270%200%20673%20437%27%3E%3Crect%20width%3D%27673%27%20height%3D%27437%27%20fill-opacity%3D%220%22%2F%3E%3C%2Fsvg%3E\" class=\"attachment-blog-medium size-blog-medium lazyload wp-post-image\" alt=\"\" data-orig-src=\"https:\/\/alertinsight.ch\/wp-content\/uploads\/2024\/02\/10-1-320x202.png\" \/><div class=\"fusion-rollover\">\n\t<div class=\"fusion-rollover-content\">\n\n\t\t\t\t\t\t\t\t\t\t\t\t\t\t<a class=\"fusion-rollover-link\" href=\"https:\/\/alertinsight.ch\/es\/2025\/01\/los-riesgos-y-peligros-de-la-explotacion-y-el-robo-de-dispositivos-usb-y-como-protegerse\/\">Los riesgos y peligros de la explotaci\u00f3n y el robo de dispositivos USB, y c\u00f3mo protegerse<\/a>\n\t\t\t\n\t\t\t\t\t\t\t\t\t\t\t\t\t\t\n\t\t\t\t\t\t\t\t\n\t\t\t\t\t\t\t\t\t\t\t\t\t<div class=\"fusion-rollover-sep\"><\/div>\n\t\t\t\t\n\t\t\t\t\t\t\t\t\t\t\t\t\t\t\t\t\t\t<a class=\"fusion-rollover-gallery\" href=\"https:\/\/alertinsight.ch\/wp-content\/uploads\/2024\/02\/10-1.png\" data-options=\"\" data-id=\"5224\" data-rel=\"iLightbox[gallery]\" data-title=\"USB_blog\" data-caption=\"\">\n\t\t\t\t\t\tGallery\t\t\t\t\t<\/a>\n\t\t\t\t\t\t\t\t\t\t\t\t\t\t\n\t\t\n\t\t\t\t\t\t\t\t\t\t\t\t<h4 class=\"fusion-rollover-title\">\n\t\t\t\t\t<a class=\"fusion-rollover-title-link\" href=\"https:\/\/alertinsight.ch\/es\/2025\/01\/los-riesgos-y-peligros-de-la-explotacion-y-el-robo-de-dispositivos-usb-y-como-protegerse\/\">\n\t\t\t\t\t\tLos riesgos y peligros de la explotaci\u00f3n y el robo de dispositivos USB, y c\u00f3mo protegerse\t\t\t\t\t<\/a>\n\t\t\t\t<\/h4>\n\t\t\t\n\t\t\t\t\t\t\t\t\t\t<div class=\"fusion-rollover-categories\"><a href=\"https:\/\/alertinsight.ch\/es\/category\/ciberseguridad\/\" rel=\"tag\">Ciberseguridad<\/a>, <a href=\"https:\/\/alertinsight.ch\/es\/category\/seguridadinformatica\/\" rel=\"tag\">SeguridadInform\u00e1tica<\/a><\/div>\t\t\t\t\t\n\t\t\n\t\t\t\t\t\t<a class=\"fusion-link-wrapper\" href=\"https:\/\/alertinsight.ch\/es\/2025\/01\/los-riesgos-y-peligros-de-la-explotacion-y-el-robo-de-dispositivos-usb-y-como-protegerse\/\" aria-label=\"Los riesgos y peligros de la explotaci\u00f3n y el robo de dispositivos USB, y c\u00f3mo protegerse\"><\/a>\n\t<\/div>\n<\/div>\n<\/div>\n<\/li>\n\t\t\t\n\t\t\t\n\t\t\t\t\t\t\t\t\t\t\t\t\t\t\t\t\t\t\t\t\t\t\t\t\t\t\t\t\t\t\t\t\t\t\t\t\t\t\t\t\t\t\t\t\t\t\t\t\t\t\t\t\t\t\t\t\t\t\t\t\t\t\t\t\t\t\t\t<\/ul>\n\t<\/div>\n\t<div class=\"fusion-post-content post-content\"><h5 class=\"blog-shortcode-post-title entry-title\"><a href=\"https:\/\/alertinsight.ch\/es\/2025\/01\/los-riesgos-y-peligros-de-la-explotacion-y-el-robo-de-dispositivos-usb-y-como-protegerse\/\">Los riesgos y peligros de la explotaci\u00f3n y el robo de dispositivos USB, y c\u00f3mo protegerse<\/a><\/h5><div class=\"fusion-post-content-container\"><p>Los dispositivos USB son herramientas de almacenamiento de datos peque\u00f1as [\u2026]<\/p>\n<\/div><\/div><div class=\"fusion-clearfix\"><\/div><\/article>\n<article id=\"blog-1-post-5255\" class=\"fusion-post-medium post-5255 post type-post status-publish format-standard has-post-thumbnail hentry category-conexion-internacional category-criptomonedas category-empoderamiento-personal category-fraudes-en-linea category-historias-personales category-psicologia-del-fraude category-romance-scam tag-ciberseguridad tag-conexionespanola tag-criptomonedas tag-enganoonline tag-estafasenlinea tag-frauderomantico tag-historiasdevida tag-inteligenciaartificial tag-prevenciondefraudes tag-proteccionpersonal tag-psicologiadelfraude tag-suiza tag-superacionpersonal tag-tecnicasdepersuasion\">\n\t<style type=\"text\/css\">\n\t\t\n\t\t\n\t\t\n\t\t\n\t\t\t<\/style>\n\n\n\t\t\t<div class=\"fusion-flexslider flexslider fusion-flexslider-loading fusion-post-slideshow\" style=\"\">\n\t\t<ul class=\"slides\">\n\t\t\t\n\t\t\t\t\t\t\t\t\t\t\t\t\t\t<li><div  class=\"fusion-image-wrapper fusion-image-size-fixed\" aria-haspopup=\"true\">\n\t\t\t\t<img decoding=\"async\" width=\"320\" height=\"202\" src=\"data:image\/svg+xml,%3Csvg%20xmlns%3D%27http%3A%2F%2Fwww.w3.org%2F2000%2Fsvg%27%20width%3D%27673%27%20height%3D%27437%27%20viewBox%3D%270%200%20673%20437%27%3E%3Crect%20width%3D%27673%27%20height%3D%27437%27%20fill-opacity%3D%220%22%2F%3E%3C%2Fsvg%3E\" class=\"attachment-blog-medium size-blog-medium lazyload wp-post-image\" alt=\"\" data-orig-src=\"https:\/\/alertinsight.ch\/wp-content\/uploads\/2022\/09\/11-320x202.png\" \/><div class=\"fusion-rollover\">\n\t<div class=\"fusion-rollover-content\">\n\n\t\t\t\t\t\t\t\t\t\t\t\t\t\t<a class=\"fusion-rollover-link\" href=\"https:\/\/alertinsight.ch\/es\/2025\/01\/la-historia-de-mi-engano-y-la-conexion-espanola\/\">La historia de mi enga\u00f1o y la conexi\u00f3n espa\u00f1ola<\/a>\n\t\t\t\n\t\t\t\t\t\t\t\t\t\t\t\t\t\t\n\t\t\t\t\t\t\t\t\n\t\t\t\t\t\t\t\t\t\t\t\t\t<div class=\"fusion-rollover-sep\"><\/div>\n\t\t\t\t\n\t\t\t\t\t\t\t\t\t\t\t\t\t\t\t\t\t\t<a class=\"fusion-rollover-gallery\" href=\"https:\/\/alertinsight.ch\/wp-content\/uploads\/2022\/09\/11.png\" data-options=\"\" data-id=\"5255\" data-rel=\"iLightbox[gallery]\" data-title=\"Tarskereson\" data-caption=\"\">\n\t\t\t\t\t\tGallery\t\t\t\t\t<\/a>\n\t\t\t\t\t\t\t\t\t\t\t\t\t\t\n\t\t\n\t\t\t\t\t\t\t\t\t\t\t\t<h4 class=\"fusion-rollover-title\">\n\t\t\t\t\t<a class=\"fusion-rollover-title-link\" href=\"https:\/\/alertinsight.ch\/es\/2025\/01\/la-historia-de-mi-engano-y-la-conexion-espanola\/\">\n\t\t\t\t\t\tLa historia de mi enga\u00f1o y la conexi\u00f3n espa\u00f1ola\t\t\t\t\t<\/a>\n\t\t\t\t<\/h4>\n\t\t\t\n\t\t\t\t\t\t\t\t\t\t<div class=\"fusion-rollover-categories\"><a href=\"https:\/\/alertinsight.ch\/es\/category\/conexion-internacional\/\" rel=\"tag\">Conexi\u00f3n internacional<\/a>, <a href=\"https:\/\/alertinsight.ch\/es\/category\/criptomonedas\/\" rel=\"tag\">Criptomonedas<\/a>, <a href=\"https:\/\/alertinsight.ch\/es\/category\/empoderamiento-personal\/\" rel=\"tag\">Empoderamiento personal<\/a>, <a href=\"https:\/\/alertinsight.ch\/es\/category\/fraudes-en-linea\/\" rel=\"tag\">Fraudes en l\u00ednea<\/a>, <a href=\"https:\/\/alertinsight.ch\/es\/category\/historias-personales\/\" rel=\"tag\">Historias personales<\/a>, <a href=\"https:\/\/alertinsight.ch\/es\/category\/psicologia-del-fraude\/\" rel=\"tag\">Psicolog\u00eda del fraude<\/a>, <a href=\"https:\/\/alertinsight.ch\/es\/category\/romance-scam\/\" rel=\"tag\">Romance scam<\/a><\/div>\t\t\t\t\t\n\t\t\n\t\t\t\t\t\t<a class=\"fusion-link-wrapper\" href=\"https:\/\/alertinsight.ch\/es\/2025\/01\/la-historia-de-mi-engano-y-la-conexion-espanola\/\" aria-label=\"La historia de mi enga\u00f1o y la conexi\u00f3n espa\u00f1ola\"><\/a>\n\t<\/div>\n<\/div>\n<\/div>\n<\/li>\n\t\t\t\n\t\t\t\n\t\t\t\t\t\t\t\t\t\t\t\t\t\t\t\t\t\t\t\t\t\t\t\t\t\t\t\t\t\t\t\t\t\t\t\t\t\t\t\t\t\t\t\t\t\t\t\t\t\t\t\t\t\t\t\t\t\t\t\t\t\t\t\t\t\t\t\t<\/ul>\n\t<\/div>\n\t<div class=\"fusion-post-content post-content\"><h5 class=\"blog-shortcode-post-title entry-title\"><a href=\"https:\/\/alertinsight.ch\/es\/2025\/01\/la-historia-de-mi-engano-y-la-conexion-espanola\/\">La historia de mi enga\u00f1o y la conexi\u00f3n espa\u00f1ola<\/a><\/h5><div class=\"fusion-post-content-container\"><p><strong>\u00bfQu\u00e9 conexi\u00f3n puede tener una persona espa\u00f1ola con esta p\u00e1gina [\u2026]<\/strong><\/p>\n<\/div><\/div><div class=\"fusion-clearfix\"><\/div><\/article>\n<article id=\"blog-1-post-6254\" class=\"fusion-post-medium post-6254 post type-post status-publish format-standard has-post-thumbnail hentry category-alertinsight-proteccion-y-confianza category-educacion-digital-y-concienciacion tag-phishing tag-alertinsight-es tag-ciberseguridad tag-estafasnavidenas tag-estafasporinternet tag-holidayscam tag-internetseguro tag-juntoscontraelfraude tag-navidadsinestafas tag-protecciondedatos tag-seguridadonline\">\n\t<style type=\"text\/css\">\n\t\t\n\t\t\n\t\t\n\t\t\n\t\t\t<\/style>\n\n\n\t\t\t<div class=\"fusion-flexslider flexslider fusion-flexslider-loading fusion-post-slideshow\" style=\"\">\n\t\t<ul class=\"slides\">\n\t\t\t\n\t\t\t\t\t\t\t\t\t\t\t\t\t\t<li><div  class=\"fusion-image-wrapper fusion-image-size-fixed\" aria-haspopup=\"true\">\n\t\t\t\t<img decoding=\"async\" width=\"320\" height=\"202\" src=\"https:\/\/alertinsight.ch\/wp-content\/uploads\/2025\/11\/Holiday-Scam-1-320x202.png\" class=\"attachment-blog-medium size-blog-medium lazyload wp-post-image\" alt=\"\" srcset=\"data:image\/svg+xml,%3Csvg%20xmlns%3D%27http%3A%2F%2Fwww.w3.org%2F2000%2Fsvg%27%20width%3D%27940%27%20height%3D%27788%27%20viewBox%3D%270%200%20940%20788%27%3E%3Crect%20width%3D%27940%27%20height%3D%27788%27%20fill-opacity%3D%220%22%2F%3E%3C%2Fsvg%3E\" data-orig-src=\"https:\/\/alertinsight.ch\/wp-content\/uploads\/2025\/11\/Holiday-Scam-1-320x202.png\" data-srcset=\"https:\/\/alertinsight.ch\/wp-content\/uploads\/2025\/11\/Holiday-Scam-1-320x202.png 320w, https:\/\/alertinsight.ch\/wp-content\/uploads\/2025\/11\/Holiday-Scam-1-700x441.png 700w\" data-sizes=\"auto\" \/><div class=\"fusion-rollover\">\n\t<div class=\"fusion-rollover-content\">\n\n\t\t\t\t\t\t\t\t\t\t\t\t\t\t<a class=\"fusion-rollover-link\" href=\"https:\/\/alertinsight.ch\/es\/2025\/12\/holiday-scam-por-que-la-navidad-es-la-temporada-alta-para-los-estafadores\/\">HOLIDAY SCAM \u2013 \u00bfPor qu\u00e9 la Navidad es la temporada alta para los estafadores?<\/a>\n\t\t\t\n\t\t\t\t\t\t\t\t\t\t\t\t\t\t\n\t\t\t\t\t\t\t\t\n\t\t\t\t\t\t\t\t\t\t\t\t\t<div class=\"fusion-rollover-sep\"><\/div>\n\t\t\t\t\n\t\t\t\t\t\t\t\t\t\t\t\t\t\t\t\t\t\t<a class=\"fusion-rollover-gallery\" href=\"https:\/\/alertinsight.ch\/wp-content\/uploads\/2025\/11\/Holiday-Scam-1.png\" data-options=\"\" data-id=\"6254\" data-rel=\"iLightbox[gallery]\" data-title=\"Holiday Scam (1)\" data-caption=\"\">\n\t\t\t\t\t\tGallery\t\t\t\t\t<\/a>\n\t\t\t\t\t\t\t\t\t\t\t\t\t\t\n\t\t\n\t\t\t\t\t\t\t\t\t\t\t\t<h4 class=\"fusion-rollover-title\">\n\t\t\t\t\t<a class=\"fusion-rollover-title-link\" href=\"https:\/\/alertinsight.ch\/es\/2025\/12\/holiday-scam-por-que-la-navidad-es-la-temporada-alta-para-los-estafadores\/\">\n\t\t\t\t\t\tHOLIDAY SCAM \u2013 \u00bfPor qu\u00e9 la Navidad es la temporada alta para los estafadores?\t\t\t\t\t<\/a>\n\t\t\t\t<\/h4>\n\t\t\t\n\t\t\t\t\t\t\t\t\t\t<div class=\"fusion-rollover-categories\"><a href=\"https:\/\/alertinsight.ch\/es\/category\/alertinsight-proteccion-y-confianza\/\" rel=\"tag\">AlertInsight \u2013 Protecci\u00f3n y confianza<\/a>, <a href=\"https:\/\/alertinsight.ch\/es\/category\/educacion-digital-y-concienciacion\/\" rel=\"tag\">Educaci\u00f3n digital y concienciaci\u00f3n<\/a><\/div>\t\t\t\t\t\n\t\t\n\t\t\t\t\t\t<a class=\"fusion-link-wrapper\" href=\"https:\/\/alertinsight.ch\/es\/2025\/12\/holiday-scam-por-que-la-navidad-es-la-temporada-alta-para-los-estafadores\/\" aria-label=\"HOLIDAY SCAM \u2013 \u00bfPor qu\u00e9 la Navidad es la temporada alta para los estafadores?\"><\/a>\n\t<\/div>\n<\/div>\n<\/div>\n<\/li>\n\t\t\t\n\t\t\t\n\t\t\t\t\t\t\t\t\t\t\t\t\t\t\t\t\t\t\t\t\t\t\t\t\t\t\t\t\t\t\t\t\t\t\t\t\t\t\t\t\t\t\t\t\t\t\t\t\t\t\t\t\t\t\t\t\t\t\t\t\t\t\t\t\t\t\t\t<\/ul>\n\t<\/div>\n\t<div class=\"fusion-post-content post-content\"><h5 class=\"blog-shortcode-post-title entry-title\"><a href=\"https:\/\/alertinsight.ch\/es\/2025\/12\/holiday-scam-por-que-la-navidad-es-la-temporada-alta-para-los-estafadores\/\">HOLIDAY SCAM \u2013 \u00bfPor qu\u00e9 la Navidad es la temporada alta para los estafadores?<\/a><\/h5><div class=\"fusion-post-content-container\"><p data-start=\"3403\" data-end=\"3542\"><strong>La \u00e9poca navide\u00f1a deber\u00eda ser sin\u00f3nimo de ilusi\u00f3n, [\u2026]<\/strong><\/p>\n<\/div><\/div><div class=\"fusion-clearfix\"><\/div><\/article>\n<article id=\"blog-1-post-5423\" class=\"fusion-post-medium post-5423 post type-post status-publish format-standard has-post-thumbnail hentry category-ghosting-4 tag-alertinsight-es tag-fantasma tag-ghosting-es tag-privacidaddigital tag-tecnicasdepersuasion\">\n\t<style type=\"text\/css\">\n\t\t\n\t\t\n\t\t\n\t\t\n\t\t\t<\/style>\n\n\n\t\t\t<div class=\"fusion-flexslider flexslider fusion-flexslider-loading fusion-post-slideshow\" style=\"\">\n\t\t<ul class=\"slides\">\n\t\t\t\n\t\t\t\t\t\t\t\t\t\t\t\t\t\t<li><div  class=\"fusion-image-wrapper fusion-image-size-fixed\" aria-haspopup=\"true\">\n\t\t\t\t<img decoding=\"async\" width=\"320\" height=\"202\" src=\"https:\/\/alertinsight.ch\/wp-content\/uploads\/2025\/01\/Ghosting-320x202.png\" class=\"attachment-blog-medium size-blog-medium lazyload wp-post-image\" alt=\"\" srcset=\"data:image\/svg+xml,%3Csvg%20xmlns%3D%27http%3A%2F%2Fwww.w3.org%2F2000%2Fsvg%27%20width%3D%27940%27%20height%3D%27788%27%20viewBox%3D%270%200%20940%20788%27%3E%3Crect%20width%3D%27940%27%20height%3D%27788%27%20fill-opacity%3D%220%22%2F%3E%3C%2Fsvg%3E\" data-orig-src=\"https:\/\/alertinsight.ch\/wp-content\/uploads\/2025\/01\/Ghosting-320x202.png\" data-srcset=\"https:\/\/alertinsight.ch\/wp-content\/uploads\/2025\/01\/Ghosting-320x202.png 320w, https:\/\/alertinsight.ch\/wp-content\/uploads\/2025\/01\/Ghosting-700x441.png 700w\" data-sizes=\"auto\" \/><div class=\"fusion-rollover\">\n\t<div class=\"fusion-rollover-content\">\n\n\t\t\t\t\t\t\t\t\t\t\t\t\t\t<a class=\"fusion-rollover-link\" href=\"https:\/\/alertinsight.ch\/es\/2025\/01\/el-ghosting-o-los-fantasmas-de-las-relaciones-modernas\/\">El ghosting o los fantasmas de las relaciones modernas<\/a>\n\t\t\t\n\t\t\t\t\t\t\t\t\t\t\t\t\t\t\n\t\t\t\t\t\t\t\t\n\t\t\t\t\t\t\t\t\t\t\t\t\t<div class=\"fusion-rollover-sep\"><\/div>\n\t\t\t\t\n\t\t\t\t\t\t\t\t\t\t\t\t\t\t\t\t\t\t<a class=\"fusion-rollover-gallery\" href=\"https:\/\/alertinsight.ch\/wp-content\/uploads\/2025\/01\/Ghosting.png\" data-options=\"\" data-id=\"5423\" data-rel=\"iLightbox[gallery]\" data-title=\"Ghosting\" data-caption=\"\">\n\t\t\t\t\t\tGallery\t\t\t\t\t<\/a>\n\t\t\t\t\t\t\t\t\t\t\t\t\t\t\n\t\t\n\t\t\t\t\t\t\t\t\t\t\t\t<h4 class=\"fusion-rollover-title\">\n\t\t\t\t\t<a class=\"fusion-rollover-title-link\" href=\"https:\/\/alertinsight.ch\/es\/2025\/01\/el-ghosting-o-los-fantasmas-de-las-relaciones-modernas\/\">\n\t\t\t\t\t\tEl ghosting o los fantasmas de las relaciones modernas\t\t\t\t\t<\/a>\n\t\t\t\t<\/h4>\n\t\t\t\n\t\t\t\t\t\t\t\t\t\t<div class=\"fusion-rollover-categories\"><a href=\"https:\/\/alertinsight.ch\/es\/category\/ghosting-4\/\" rel=\"tag\">Ghosting<\/a><\/div>\t\t\t\t\t\n\t\t\n\t\t\t\t\t\t<a class=\"fusion-link-wrapper\" href=\"https:\/\/alertinsight.ch\/es\/2025\/01\/el-ghosting-o-los-fantasmas-de-las-relaciones-modernas\/\" aria-label=\"El ghosting o los fantasmas de las relaciones modernas\"><\/a>\n\t<\/div>\n<\/div>\n<\/div>\n<\/li>\n\t\t\t\n\t\t\t\n\t\t\t\t\t\t\t\t\t\t\t\t\t\t\t\t\t\t\t\t\t\t\t\t\t\t\t\t\t\t\t\t\t\t\t\t\t\t\t\t\t\t\t\t\t\t\t\t\t\t\t\t\t\t\t\t\t\t\t\t\t\t\t\t\t\t\t\t<\/ul>\n\t<\/div>\n\t<div class=\"fusion-post-content post-content\"><h5 class=\"blog-shortcode-post-title entry-title\"><a href=\"https:\/\/alertinsight.ch\/es\/2025\/01\/el-ghosting-o-los-fantasmas-de-las-relaciones-modernas\/\">El ghosting o los fantasmas de las relaciones modernas<\/a><\/h5><div class=\"fusion-post-content-container\"><p>A m\u00ed tambi\u00e9n me pas\u00f3. Alguien en quien confiaba, que [\u2026]<\/p>\n<\/div><\/div><div class=\"fusion-clearfix\"><\/div><\/article>\n<\/div><div class=\"fusion-infinite-scroll-trigger\"><\/div><div class=\"pagination infinite-scroll clearfix\" style=\"display:none;\"><span class=\"current\">1<\/span><a href=\"https:\/\/alertinsight.ch\/es\/wp-json\/wp\/v2\/pages\/5230\/page\/2\/\" class=\"inactive\">2<\/a><a class=\"pagination-next\" rel=\"next\" href=\"https:\/\/alertinsight.ch\/es\/wp-json\/wp\/v2\/pages\/5230\/page\/2\/\"><span class=\"page-text\">Next<\/span><span class=\"page-next\"><\/span><\/a><\/div><div class=\"fusion-clearfix\"><\/div><\/div><\/div><\/div><div class=\"fusion-layout-column fusion_builder_column fusion-builder-column-1 fusion_builder_column_1_3 1_3 fusion-flex-column\" style=\"--awb-padding-right:20px;--awb-padding-left:20px;--awb-overflow:hidden;--awb-bg-color:#dbdbdb;--awb-bg-color-hover:#dbdbdb;--awb-bg-size:cover;--awb-box-shadow: 0px 0px ;;--awb-border-radius:20px 20px 20px 20px;--awb-width-large:33.3333333333%;--awb-margin-top-large:40px;--awb-spacing-right-large:5.76%;--awb-margin-bottom-large:20px;--awb-spacing-left-large:5.76%;--awb-width-medium:33.3333333333%;--awb-order-medium:0;--awb-spacing-right-medium:5.76%;--awb-spacing-left-medium:5.76%;--awb-width-small:100%;--awb-order-small:0;--awb-spacing-right-small:1.92%;--awb-spacing-left-small:1.92%;\" data-scroll-devices=\"small-visibility,medium-visibility,large-visibility\"><div class=\"fusion-column-wrapper fusion-column-has-shadow fusion-flex-justify-content-space-between fusion-content-layout-column\"><div class=\"fusion-text fusion-text-3\"><h4 style=\"text-align: center;\"><span class=\"fusion-highlight custom-textcolor highlight1 awb-highlight-marker\" style=\"--awb-color:hsla(var(--awb-color5-h),var(--awb-color5-s),var(--awb-color5-l),calc(var(--awb-color5-a) - 80%));--awb-text-color:var(--awb-color8);\"> AlertInsight.ch<\/span><\/h4>\n<\/div><div class=\"fusion-image-element \" style=\"text-align:center;--awb-caption-title-font-family:var(--h2_typography-font-family);--awb-caption-title-font-weight:var(--h2_typography-font-weight);--awb-caption-title-font-style:var(--h2_typography-font-style);--awb-caption-title-size:var(--h2_typography-font-size);--awb-caption-title-transform:var(--h2_typography-text-transform);--awb-caption-title-line-height:var(--h2_typography-line-height);--awb-caption-title-letter-spacing:var(--h2_typography-letter-spacing);\"><span class=\" fusion-imageframe imageframe-none imageframe-1 hover-type-none\"><a href=\"https:\/\/alertinsight.ch\/wp-content\/uploads\/2024\/12\/YT_logo-300x300.png\" class=\"fusion-lightbox\" data-rel=\"iLightbox[d884560d9ff9ba33e5e]\" data-title=\"YT_logo\" title=\"YT_logo\"><img decoding=\"async\" width=\"300\" height=\"300\" src=\"https:\/\/alertinsight.ch\/wp-content\/uploads\/2024\/12\/YT_logo.png\" data-orig-src=\"https:\/\/alertinsight.ch\/wp-content\/uploads\/2024\/12\/YT_logo-300x300.png\" alt class=\"lazyload img-responsive wp-image-5122\" srcset=\"data:image\/svg+xml,%3Csvg%20xmlns%3D%27http%3A%2F%2Fwww.w3.org%2F2000%2Fsvg%27%20width%3D%271080%27%20height%3D%271080%27%20viewBox%3D%270%200%201080%201080%27%3E%3Crect%20width%3D%271080%27%20height%3D%271080%27%20fill-opacity%3D%220%22%2F%3E%3C%2Fsvg%3E\" data-srcset=\"https:\/\/alertinsight.ch\/wp-content\/uploads\/2024\/12\/YT_logo-200x200.png 200w, https:\/\/alertinsight.ch\/wp-content\/uploads\/2024\/12\/YT_logo-400x400.png 400w, https:\/\/alertinsight.ch\/wp-content\/uploads\/2024\/12\/YT_logo-600x600.png 600w, https:\/\/alertinsight.ch\/wp-content\/uploads\/2024\/12\/YT_logo-800x800.png 800w, https:\/\/alertinsight.ch\/wp-content\/uploads\/2024\/12\/YT_logo.png 1080w\" data-sizes=\"auto\" data-orig-sizes=\"(max-width: 850px) 100vw, 400px\" \/><\/a><\/span><\/div><div class=\"fusion-title title fusion-title-1 fusion-sep-none fusion-title-text fusion-title-size-paragraph\" style=\"--awb-text-color:#070707;\"><p class=\"fusion-title-heading title-heading-left title-heading-tag\" style=\"margin:0;text-shadow:0px;\"><p>Cre\u00e9 este sitio web para quienes han sido enga\u00f1ados, inducidos a error y cuya confianza ha sido abusada de alguna manera en Internet. En el mundo actual, tener una presencia en l\u00ednea es de importancia cr\u00edtica; sin embargo, debemos reflexionar sobre lo que compartimos sobre nosotros mismos y nuestra familia, y hasta qu\u00e9 punto.<\/p>\n<p>El objetivo principal del sitio es informar, educar y construir una comunidad para que el mensaje llegue al mayor n\u00famero de personas \u2013 ya sean mujeres u hombres \u2013 transmitiendo as\u00ed mi mensaje:<\/p>\n<blockquote><p>\u201e\u00a1El espacio en l\u00ednea no es un terreno de juego!\u00bb<\/p><\/blockquote><\/p><\/div><\/div><\/div><\/div><\/div>\n","protected":false},"excerpt":{"rendered":"","protected":false},"author":1,"featured_media":0,"parent":0,"menu_order":0,"comment_status":"closed","ping_status":"closed","template":"100-width.php","meta":{"_acf_changed":false,"footnotes":""},"class_list":["post-5230","page","type-page","status-publish","hentry"],"acf":[],"_links":{"self":[{"href":"https:\/\/alertinsight.ch\/es\/wp-json\/wp\/v2\/pages\/5230","targetHints":{"allow":["GET"]}}],"collection":[{"href":"https:\/\/alertinsight.ch\/es\/wp-json\/wp\/v2\/pages"}],"about":[{"href":"https:\/\/alertinsight.ch\/es\/wp-json\/wp\/v2\/types\/page"}],"author":[{"embeddable":true,"href":"https:\/\/alertinsight.ch\/es\/wp-json\/wp\/v2\/users\/1"}],"replies":[{"embeddable":true,"href":"https:\/\/alertinsight.ch\/es\/wp-json\/wp\/v2\/comments?post=5230"}],"version-history":[{"count":5,"href":"https:\/\/alertinsight.ch\/es\/wp-json\/wp\/v2\/pages\/5230\/revisions"}],"predecessor-version":[{"id":5243,"href":"https:\/\/alertinsight.ch\/es\/wp-json\/wp\/v2\/pages\/5230\/revisions\/5243"}],"wp:attachment":[{"href":"https:\/\/alertinsight.ch\/es\/wp-json\/wp\/v2\/media?parent=5230"}],"curies":[{"name":"wp","href":"https:\/\/api.w.org\/{rel}","templated":true}]}}