{"id":4298,"date":"2024-01-28T14:59:16","date_gmt":"2024-01-28T13:59:16","guid":{"rendered":"https:\/\/alertinsight.ch\/angehoerige-2\/"},"modified":"2025-01-07T14:55:19","modified_gmt":"2025-01-07T13:55:19","slug":"angehoerige-2","status":"publish","type":"page","link":"https:\/\/alertinsight.ch\/de\/angehoerige-2\/","title":{"rendered":"Angeh\u00f6rige"},"content":{"rendered":"<div class=\"fusion-fullwidth fullwidth-box fusion-builder-row-1 fusion-flex-container nonhundred-percent-fullwidth non-hundred-percent-height-scrolling\" style=\"--awb-border-radius-top-left:0px;--awb-border-radius-top-right:0px;--awb-border-radius-bottom-right:0px;--awb-border-radius-bottom-left:0px;--awb-flex-wrap:wrap;\" ><div class=\"fusion-builder-row fusion-row fusion-flex-align-items-flex-start fusion-flex-content-wrap\" style=\"max-width:1372.8px;margin-left: calc(-4% \/ 2 );margin-right: calc(-4% \/ 2 );\"><div class=\"fusion-layout-column fusion_builder_column fusion-builder-column-0 fusion_builder_column_2_3 2_3 fusion-flex-column\" style=\"--awb-bg-size:cover;--awb-width-large:66.6666666667%;--awb-margin-top-large:0px;--awb-spacing-right-large:3.84%;--awb-margin-bottom-large:0px;--awb-spacing-left-large:2.88%;--awb-width-medium:66.6666666667%;--awb-spacing-right-medium:3.84%;--awb-spacing-left-medium:2.88%;--awb-width-small:100%;--awb-spacing-right-small:1.92%;--awb-spacing-left-small:1.92%;\"><div class=\"fusion-column-wrapper fusion-flex-justify-content-flex-start fusion-content-layout-column\"><div class=\"fusion-text fusion-text-1\"><h3 data-pm-slice=\"1 1 &#091;&#093;\"><strong>Willkommen im Bereich \u201eAngeh\u00f6rige und Freunde\u201c<\/strong><\/h3>\n<\/div><div class=\"fusion-text fusion-text-2\"><p data-pm-slice=\"1 1 &#091;&#093;\">Betr\u00fcgereien und Betrugsf\u00e4lle betreffen nicht nur die Opfer, sondern auch ihr direktes Umfeld. Dieser Bereich wurde geschaffen, um Angeh\u00f6rigen und Freunden Informationen und Hilfe zu bieten, wie sie eine geliebte Person in einer solchen schwierigen und sensiblen Situation unterst\u00fctzen k\u00f6nnen.<\/p>\n<p><strong>Warum wurde dieser Bereich erstellt?<\/strong><\/p>\n<p>Als ich auf LinkedIn dar\u00fcber sprach, wie schwer es f\u00fcr Opfer von Online-Betrug ist, war ich von der Anzahl der Kommentare und Nachrichten \u00fcberw\u00e4ltigt. Menschen erz\u00e4hlten von ihren eigenen oder den Geschichten ihrer Liebsten und berichteten oft, dass sie nicht wissen, wie sie einer Person helfen k\u00f6nnen, die ein solches Trauma erlebt hat. Auch ich habe erlebt, wie leicht jemand verurteilt wird, weil er auf einen Betrug hereingefallen ist.<\/p>\n<p>Diese R\u00fcckmeldungen inspirierten mich, diesen Abschnitt zu erstellen. Mein Ziel ist es, nicht nur den Opfern, sondern auch ihrem Umfeld zu zeigen, wie man ohne Vorurteile und Schuldzuweisungen helfen kann und warum es wichtig ist, dass die Betroffenen wirklich sp\u00fcren: Sie sind nicht allein.<\/p>\n<p><strong>Warum ist diese Seite f\u00fcr Angeh\u00f6rige und Freunde wichtig?<\/strong><\/p>\n<p>Die Auswirkungen von Online-Betr\u00fcgereien reichen \u00fcber das Opfer hinaus; sie belasten oft auch emotional und finanziell die Familie und Freunde. Diese Seite soll zeigen, wie du einer betroffenen Person wirklich helfen kannst, ohne zu urteilen, Schuld zuzuweisen oder unabsichtlich Schuldgef\u00fchle zu verst\u00e4rken.<\/p>\n<p><strong>Was findest du hier?<\/strong><\/p>\n<ul data-spread=\"false\">\n<li><strong>Unterst\u00fctzende Informationen:<\/strong> Praktische Tipps, wie du wirklich helfen kannst. Schuldzuweisungen helfen nicht, aber konstruktive Fragen k\u00f6nnen hilfreich sein. Herablassende Bemerkungen oder Vorw\u00fcrfe haben keinen Platz.<\/li>\n<li><strong>Emotionale Heilung und Neuanfang:<\/strong> Leitf\u00e4den und Ideen, um die emotionale Verarbeitung und den Blick nach vorne zu unterst\u00fctzen.<\/li>\n<li><strong>Wie du ohne Vorurteile helfen kannst:<\/strong> Praktische Beispiele und Werkzeuge f\u00fcr vorurteilsfreie Unterst\u00fctzung.<\/li>\n<\/ul>\n<p><strong>Warum ist Vorurteilsfreiheit wichtig?<\/strong><\/p>\n<p>Betroffene k\u00e4mpfen oft mit Schuld- und Schamgef\u00fchlen, die sie daran hindern, voranzukommen. Dein verst\u00e4ndnisvolles und unterst\u00fctzendes Verhalten ist entscheidend f\u00fcr ihre Heilung.<\/p>\n<p>Auf dieser Seite findest du Expertenratschl\u00e4ge, pers\u00f6nliche Erfahrungen und Geschichten, die dir helfen, ohne Vorurteile an der Seite deines Liebsten zu stehen. \u00dcber den Blog stellen wir auch Fachleute vor, die den Betroffenen und ihren Angeh\u00f6rigen weiterhelfen k\u00f6nnen.<\/p>\n<p><strong>Was kannst du als ersten Schritt tun, um zu helfen?<\/strong><\/p>\n<p>Vergiss nicht: Wenn jemand bereit ist, mit dir dar\u00fcber zu sprechen, was ihm passiert ist, ist das bereits der erste Schritt in Richtung Heilung. Gib Raum, lass die Person sprechen und vermittle nicht das Gef\u00fchl, dass sie einen Fehler gemacht hat. Das wei\u00df sie selbst genau! Auch wenn du nicht aktiv helfen kannst, bedeutet Zuh\u00f6ren schon sehr viel.<\/p>\n<p>Opfer brauchen viel Zeit und Energie, um das Erlebte zu verarbeiten und wieder offen f\u00fcr andere zu sein. Dies ist ein tiefes Trauma, das Verst\u00e4ndnis und Unterst\u00fctzung erfordert.<\/p>\n<ul data-spread=\"false\">\n<li><strong>Anzeige erstatten:<\/strong> Einer der wichtigsten Schritte ist die offizielle Anzeige.<\/li>\n<li><strong>Einen Experten hinzuziehen:<\/strong> Falls notwendig, sucht gemeinsam einen Fachmann, der im Heilungsprozess helfen kann. Bald werden auf dieser Seite Fachleute gelistet, an die ihr euch wenden k\u00f6nnt.<\/li>\n<\/ul>\n<h3><strong>Notrufnummern und Online-Hilfe in Deutschland und der Schweiz<\/strong><\/h3>\n<p><strong>\ud83c\udde9\ud83c\uddea\u00a0Deutschland<\/strong><\/p>\n<p><strong>Polizei<\/strong>\u00a0(allgemeine Hilfe, Strafsachen, Notf\u00e4lle):\u00a0<strong>110<\/strong>\n<strong>TelefonSeelsorge<\/strong>\u00a0(Seelsorge am Telefon):\u00a0<strong>0800 111 0 111<\/strong>\u00a0(kostenlos, rund um die Uhr erreichbar)<\/p>\n<p><strong>\ud83c\udde8\ud83c\udded\u00a0Schweiz\u00a0<\/strong><\/p>\n<p><strong>Polizei<\/strong>\u00a0(allgemeine Hilfe, Strafsachen, Notf\u00e4lle):\u00a0<strong>117<\/strong>\n<strong>TelefonSeelsorge Schweiz<\/strong>\u00a0(Seelsorge am Telefon Schweiz):\u00a0<strong>143<\/strong>\u00a0(kostenlos, rund um die Uhr erreichbar)\n<strong>Pro Juventute Schweiz:<\/strong> <strong>147<\/strong> (kostenlos, 24\/7)<\/p>\n<div>\n<h3 data-pm-slice=\"1 1 &#091;&#093;\"><strong>Was tun, wenn die Geschichte international ist?<\/strong><\/h3>\n<p data-pm-slice=\"1 1 &#091;&#093;\">Wenn der Online-Betrug nicht nur auf Deutschland oder die Schweiz beschr\u00e4nkt ist, sondern internationale Bez\u00fcge hat, ist es wichtig, die entsprechenden internationalen Organisationen um Hilfe zu bitten. In solchen F\u00e4llen kann neben der nationalen Cybersicherheitsbeh\u00f6rde auch <strong>das Internet Crime Complaint Center (IC3) des FBI hilfreich sein.<\/strong><\/p>\n<p>Das <strong>IC3<\/strong> ist eine Plattform, auf der jeder Online-Verbrechen melden kann, insbesondere wenn der Fall andere L\u00e4nder betrifft. Das IC3 hilft nicht nur bei der Datenerfassung, sondern auch bei der Weiterleitung von Informationen an Strafverfolgungsbeh\u00f6rden, um ein effektives Vorgehen gegen die T\u00e4ter zu erm\u00f6glichen. Um jedoch eine Meldung \u00fcber die IC3-Website einzureichen, ist eine Anzeige in Deutschland oder der Schweiz erforderlich, da eine Vorgangsnummer angegeben werden muss, um den Prozess voranzutreiben.<\/p>\n<p>Besuche die Website des IC3: <a href=\"https:\/\/www.ic3.gov\/\">Internet Crime Complaint Center (IC3)<\/a><\/p>\n<p><strong>Tipps f\u00fcr internationale Meldungen:<\/strong><\/p>\n<ul data-spread=\"false\">\n<li>Beschreibe die Ereignisse detailliert, einschlie\u00dflich der Zeitpunkte, des Inhalts der Kommunikation und verf\u00fcgbarer Beweise (z. B. E-Mails, Screenshots).<\/li>\n<li>Falls du bereits in anderen L\u00e4ndern Anzeigen erstattet hast, gib dies ebenfalls in der Meldung an.<\/li>\n<li>Habe Geduld; die Bearbeitung internationaler F\u00e4lle kann zeitaufw\u00e4ndig sein, aber das effektive System des IC3 kann entscheidend zur L\u00f6sung des Falls beitragen.<\/li>\n<\/ul>\n<p><strong>Vergiss nicht, du bist nicht allein!<\/strong> Die Auswirkungen von Online-Betrug sind tiefgreifend und komplex, aber mit der richtigen Unterst\u00fctzung und den richtigen Informationen k\u00f6nnen sie \u00fcberwunden werden. Ob es sich um lokale oder internationale F\u00e4lle handelt, es ist wichtig, dass du dich nicht hilflos f\u00fchlst. Die auf dieser Seite bereitgestellten Informationen und empfohlenen Organisationen sind dazu da, dir und deinen Liebsten zu helfen.<\/p>\n<p>Z\u00f6gere nicht, Hilfe zu suchen, sei es in deinem direkten Umfeld, bei Fachleuten oder bei offiziellen Stellen. Jede Handlung, die das Opfer der Heilung n\u00e4her bringt, ist ein Schritt in Richtung eines erf\u00fcllteren Lebens. Deine Unterst\u00fctzung, dein Verst\u00e4ndnis und deine Empathie k\u00f6nnen in einer so schwierigen Zeit eine enorme Kraftquelle sein.<\/p>\n<p>Wenn du das Gef\u00fchl hast, dass du weitere Anleitungen oder Unterst\u00fctzung ben\u00f6tigst, kontaktiere uns gerne.\nWir sind hier, um zu helfen.\nAda<\/p>\n<\/div>\n<\/div><div class=\"fusion-separator fusion-no-small-visibility fusion-full-width-sep\" style=\"align-self: center;margin-left: auto;margin-right: auto;margin-top:20px;margin-bottom:20px;width:100%;\"><div class=\"fusion-separator-border sep-single sep-solid\" style=\"--awb-height:20px;--awb-amount:20px;--awb-sep-color:#dbdbdb;border-color:#dbdbdb;border-top-width:1px;\"><\/div><\/div><\/div><\/div><div class=\"fusion-layout-column fusion_builder_column fusion-builder-column-1 fusion_builder_column_1_3 1_3 fusion-flex-column\" style=\"--awb-padding-right:20px;--awb-padding-bottom:20px;--awb-padding-left:20px;--awb-overflow:hidden;--awb-bg-color:#dbdbdb;--awb-bg-color-hover:#dbdbdb;--awb-bg-size:cover;--awb-box-shadow: 0px 0px ;;--awb-border-radius:20px 20px 20px 20px;--awb-width-large:33.3333333333%;--awb-margin-top-large:40px;--awb-spacing-right-large:5.76%;--awb-margin-bottom-large:20px;--awb-spacing-left-large:5.76%;--awb-width-medium:33.3333333333%;--awb-order-medium:0;--awb-spacing-right-medium:5.76%;--awb-spacing-left-medium:5.76%;--awb-width-small:100%;--awb-order-small:0;--awb-spacing-right-small:1.92%;--awb-spacing-left-small:1.92%;\" data-scroll-devices=\"small-visibility,medium-visibility,large-visibility\"><div class=\"fusion-column-wrapper fusion-column-has-shadow fusion-flex-justify-content-space-between fusion-content-layout-column\"><div class=\"fusion-text fusion-text-3\"><h4 style=\"text-align: center;\"><span class=\"fusion-highlight custom-textcolor highlight1 awb-highlight-marker\" style=\"--awb-color:hsla(var(--awb-color5-h),var(--awb-color5-s),var(--awb-color5-l),calc(var(--awb-color5-a) - 80%));--awb-text-color:var(--awb-color8);\">AlertInsight.ch <\/span><\/h4>\n<\/div><div class=\"fusion-image-element \" style=\"text-align:center;--awb-caption-title-font-family:var(--h2_typography-font-family);--awb-caption-title-font-weight:var(--h2_typography-font-weight);--awb-caption-title-font-style:var(--h2_typography-font-style);--awb-caption-title-size:var(--h2_typography-font-size);--awb-caption-title-transform:var(--h2_typography-text-transform);--awb-caption-title-line-height:var(--h2_typography-line-height);--awb-caption-title-letter-spacing:var(--h2_typography-letter-spacing);\"><span class=\" fusion-imageframe imageframe-none imageframe-1 hover-type-none\"><img decoding=\"async\" width=\"187\" height=\"300\" title=\"AlertInsight_logo (5 x 8 cm) (1)\" src=\"https:\/\/alertinsight.ch\/wp-content\/uploads\/2024\/02\/AlertInsight_logo-5-x-8-cm-1.png\" data-orig-src=\"https:\/\/alertinsight.ch\/wp-content\/uploads\/2024\/02\/AlertInsight_logo-5-x-8-cm-1-187x300.png\" alt class=\"lazyload img-responsive wp-image-4000\" srcset=\"data:image\/svg+xml,%3Csvg%20xmlns%3D%27http%3A%2F%2Fwww.w3.org%2F2000%2Fsvg%27%20width%3D%27590%27%20height%3D%27945%27%20viewBox%3D%270%200%20590%20945%27%3E%3Crect%20width%3D%27590%27%20height%3D%27945%27%20fill-opacity%3D%220%22%2F%3E%3C%2Fsvg%3E\" data-srcset=\"https:\/\/alertinsight.ch\/wp-content\/uploads\/2024\/02\/AlertInsight_logo-5-x-8-cm-1-200x320.png 200w, https:\/\/alertinsight.ch\/wp-content\/uploads\/2024\/02\/AlertInsight_logo-5-x-8-cm-1-400x641.png 400w, https:\/\/alertinsight.ch\/wp-content\/uploads\/2024\/02\/AlertInsight_logo-5-x-8-cm-1.png 590w\" data-sizes=\"auto\" data-orig-sizes=\"(max-width: 850px) 100vw, 400px\" \/><\/span><\/div><div class=\"fusion-text fusion-text-4\"><p>Diese Seite wurde f\u00fcr diejenigen erstellt, die auf irgendeine Weise betrogen, get\u00e4uscht und ihrem Vertrauen im Internet missbraucht wurden.<\/p>\n<p>In der heutigen Welt ist die Online-Pr\u00e4senz von entscheidender Bedeutung, jedoch m\u00fcssen wir dar\u00fcber nachdenken, was und wie viel wir \u00fcber uns selbst und unsere Familie teilen. Die grundlegende Zielsetzung dieser Seite ist die Information, Aufkl\u00e4rung und Gemeinschaftsbildung, um meine Botschaft an so viele Menschen wie m\u00f6glich &#8211; ob m\u00e4nnlich oder weiblich &#8211; zu \u00fcbermitteln:<\/p>\n<blockquote><p>\u201e<em>Der Online-Raum ist kein Spielplatz!<\/em>\u201e<\/p><\/blockquote>\n<\/div><\/div><\/div><\/div><\/div><!-- \/wp:post-content -->","protected":false},"excerpt":{"rendered":"","protected":false},"author":1,"featured_media":0,"parent":0,"menu_order":3,"comment_status":"closed","ping_status":"closed","template":"100-width.php","meta":{"_acf_changed":false,"footnotes":""},"class_list":["post-4298","page","type-page","status-publish","hentry"],"acf":[],"_links":{"self":[{"href":"https:\/\/alertinsight.ch\/de\/wp-json\/wp\/v2\/pages\/4298","targetHints":{"allow":["GET"]}}],"collection":[{"href":"https:\/\/alertinsight.ch\/de\/wp-json\/wp\/v2\/pages"}],"about":[{"href":"https:\/\/alertinsight.ch\/de\/wp-json\/wp\/v2\/types\/page"}],"author":[{"embeddable":true,"href":"https:\/\/alertinsight.ch\/de\/wp-json\/wp\/v2\/users\/1"}],"replies":[{"embeddable":true,"href":"https:\/\/alertinsight.ch\/de\/wp-json\/wp\/v2\/comments?post=4298"}],"version-history":[{"count":19,"href":"https:\/\/alertinsight.ch\/de\/wp-json\/wp\/v2\/pages\/4298\/revisions"}],"predecessor-version":[{"id":5307,"href":"https:\/\/alertinsight.ch\/de\/wp-json\/wp\/v2\/pages\/4298\/revisions\/5307"}],"wp:attachment":[{"href":"https:\/\/alertinsight.ch\/de\/wp-json\/wp\/v2\/media?parent=4298"}],"curies":[{"name":"wp","href":"https:\/\/api.w.org\/{rel}","templated":true}]}}